{"id":29,"date":"2021-03-30T07:32:08","date_gmt":"2021-03-30T07:32:08","guid":{"rendered":"http:\/\/bademcikkucultulmesi.com\/?page_id=29"},"modified":"2021-03-30T07:32:08","modified_gmt":"2021-03-30T07:32:08","slug":"iletisim","status":"publish","type":"page","link":"https:\/\/bademcikkucultulmesi.com\/index.php\/iletisim\/","title":{"rendered":"\u0130leti\u015fim"},"content":{"rendered":"<p style=\"text-align: center;\"><strong>Adres:<\/strong>\u00a0Maidan \u0130\u015f ve Ya\u015fam Merkezi Mustafa Kemal Mah. 2118. Cad. No:4 A Blok 131 \u2013 \u00c7ankaya Ankara<\/p>\n<p style=\"text-align: center;\"><strong>\u2013 Tel:<\/strong>\u00a0+90 543 112 23 03 \u2013 0312 543 23 03<\/p>\n<p style=\"text-align: center;\">Fax: 0 312 543 23 83<\/p>\n<p style=\"text-align: center;\"><iframe loading=\"lazy\" src=\"https:\/\/www.google.com\/maps\/embed?pb=!1m14!1m8!1m3!1d12241.698930327359!2d32.7640632!3d39.9095103!3m2!1i1024!2i768!4f13.1!3m3!1m2!1s0x0%3A0x1c55a50e0a63235c!2sMaidan%20Ofis%20%7C%20Home%20Ofis%20%7C%20Meydan!5e0!3m2!1str!2str!4v1614755876311!5m2!1str!2str\" width=\"600\" height=\"450\" allowfullscreen=\"allowfullscreen\" data-mce-fragment=\"1\"><\/iframe><\/p>\n","protected":false},"excerpt":{"rendered":"<p>Adres:\u00a0Maidan \u0130\u015f ve Ya\u015fam Merkezi Mustafa Kemal Mah. 2118. Cad. No:4 A Blok 131 \u2013 \u00c7ankaya Ankara \u2013 Tel:\u00a0+90 543 112 23 03 \u2013&#46;&#46;&#46;<\/p>\n","protected":false},"author":1,"featured_media":0,"parent":0,"menu_order":0,"comment_status":"closed","ping_status":"closed","template":"","meta":{"_joinchat":[],"footnotes":""},"class_list":["post-29","page","type-page","status-publish","hentry"],"_links":{"self":[{"href":"https:\/\/bademcikkucultulmesi.com\/index.php\/wp-json\/wp\/v2\/pages\/29","targetHints":{"allow":["GET"]}}],"collection":[{"href":"https:\/\/bademcikkucultulmesi.com\/index.php\/wp-json\/wp\/v2\/pages"}],"about":[{"href":"https:\/\/bademcikkucultulmesi.com\/index.php\/wp-json\/wp\/v2\/types\/page"}],"author":[{"embeddable":true,"href":"https:\/\/bademcikkucultulmesi.com\/index.php\/wp-json\/wp\/v2\/users\/1"}],"replies":[{"embeddable":true,"href":"https:\/\/bademcikkucultulmesi.com\/index.php\/wp-json\/wp\/v2\/comments?post=29"}],"version-history":[{"count":1,"href":"https:\/\/bademcikkucultulmesi.com\/index.php\/wp-json\/wp\/v2\/pages\/29\/revisions"}],"predecessor-version":[{"id":30,"href":"https:\/\/bademcikkucultulmesi.com\/index.php\/wp-json\/wp\/v2\/pages\/29\/revisions\/30"}],"wp:attachment":[{"href":"https:\/\/bademcikkucultulmesi.com\/index.php\/wp-json\/wp\/v2\/media?parent=29"}],"curies":[{"name":"wp","href":"https:\/\/api.w.org\/{rel}","templated":true}]}}